{"id":3222,"date":"2022-04-28T06:53:48","date_gmt":"2022-04-28T06:53:48","guid":{"rendered":"https:\/\/www.brolistimber.eu\/terasos-montavimas\/"},"modified":"2025-10-20T11:33:10","modified_gmt":"2025-10-20T11:33:10","slug":"terasos-montavimas","status":"publish","type":"page","link":"https:\/\/www.brolistimber.eu\/en\/terasos-montavimas\/","title":{"rendered":"Terasos montavimas"},"content":{"rendered":"<p>Atsi\u017evelgdami \u012f \u0161ias rekomendacijas prailginsite termi\u0161kai apdorotos terasos tarnavimo laik\u0105 ir suma\u017einsite prie\u017ei\u016bros ka\u0161tus.<\/p>\n<p>1. Termomedienos teras\u0105 montuokite ant termomedienos karkaso \u2013 taip u\u017etikrinsite terasos ilgaam\u017ei\u0161kum\u0105 ir vienod\u0105 \u201evaik\u0161\u010diojim\u0105\u201c kintant aplinkos dr\u0117gmei ir temperat\u016brai. D\u017eiovintos arba impregnuotos medienos karkasai reaguoja \u012f santykin\u0117s oro dr\u0117gm\u0117s poky\u010dius dukart stipriau nei termomediena \u2013 tai s\u0105lygoja medienos tempimus ir skilimus. Be to, j\u0173 tarnavimo laikas trumpesnis. Jei termomedienos lentos nuolat tur\u0117s s\u0105lyt\u012f su dr\u0117gme ir puviniu, irimo procesai jose gali aktyvuotis anks\u010diau nei po de\u0161imtme\u010dio. Temperat\u016bra ir dr\u0117gm\u0117 skirtingai veikia aliuminio profilio karkas\u0105 ir termomedien\u0105 \u2013 kai \u0161alta ir dr\u0117gna, metalas traukiasi, o mediena ple\u010diasi, ir atvirk\u0161\u010diai \u2013 kai kar\u0161ta ir sausa, aliuminis ple\u010diasi, o mediena traukiasi, tod\u0117l sukuriamos \u012ftampos, gali atsilaisvinti detal\u0117s, prad\u0117ti klib\u0117ti lentos.<\/p>\n<p>2. Pu\u0161ines terasines lentas montuokite \u0161erdimi (ir grioveliais) \u012f vir\u0161\u0173, eglines terasines lentas &#8211; \u0161erdimi \u012f apa\u010di\u0105, su 1 proc. nuolyd\u017eiu nuo pastato vandeniui nutek\u0117ti. Grioveliai (riflius) turi eiti nuolyd\u017eio kryptimi.<\/p>\n<p>&nbsp;<\/p>\n<p><img decoding=\"async\" class=\"alignnone wp-image-6210\" role=\"img\" src=\"https:\/\/www.brolistimber.eu\/wp-content\/uploads\/2024\/01\/Asset-1.svg\" alt=\"\" width=\"309\" height=\"141\" \/><\/p>\n<p>Pu\u0161in\u0117 terasin\u0117 lenta<\/p>\n<p>&nbsp;<\/p>\n<p>3. Terasa turi b\u016bti pakelta nuo \u017eem\u0117s. Atstumas tarp \u017eem\u0117s pavir\u0161iaus ir karkaso apatin\u0117s plok\u0161tumos tur\u0117t\u0173 b\u016bti ne ma\u017eesnis nei \u2265100 mm, kad po ja laisvai cirkuliuot\u0173 oras. Taip pat palikite bent 6 mm atitraukim\u0105 nuo sienos ar kitos vertikalios konstrukcijos.<\/p>\n<p>&nbsp;<\/p>\n<p><img decoding=\"async\" class=\"alignnone wp-image-5508\" role=\"img\" src=\"https:\/\/www.brolistimber.eu\/wp-content\/uploads\/2023\/06\/Asset-2.svg\" alt=\"\" width=\"420\" height=\"200\" \/><\/p>\n<p>&nbsp;<\/p>\n<p>4. Termomedienos teras\u0105 geriausia tvirtinti medsraig\u010diais i\u0161 ner\u016bdijan\u010dio plieno. Cinkuotos tvirtinimo detal\u0117s gali pasi\u017eeisti ir prad\u0117ti r\u016bdyti, i\u0161tepdamos aplinkin\u0119 medien\u0105. Medsraigt\u012f \u012fsukite taip, kad galvut\u0117 visi\u0161kai susilygint\u0173 su lentos pavir\u0161iumi. Jei teras\u0105 suksite per vir\u0161\u0173, naudokite 2 medsraig\u010dius ir palikite 20 mm atitraukim\u0105 nuo lentos kra\u0161to bei 70 mm nuo lentos galo (rekomenduojami medsraig\u010dio matmenys 5 x 55-60 mm).<\/p>\n<p>&nbsp;<\/p>\n<p><img decoding=\"async\" class=\"alignnone wp-image-3611\" role=\"img\" src=\"https:\/\/www.brolistimber.eu\/wp-content\/uploads\/2022\/09\/Asset-3.svg\" alt=\"\" width=\"295\" height=\"139\" \/><\/p>\n<p>&nbsp;<\/p>\n<p>5. Terasin\u0117s lentos tvirtinamos ant gulek\u0161ni\u0173. Juos rekomenduojama kloti ne re\u010diau kaip 450 mm. Terasos lent\u0173 jungim\u0105 tvirtinkite dviem detal\u0117mis ant \u0161alia prisukto papildomo ta\u0161o.<\/p>\n<p>&nbsp;<\/p>\n<p><a href=\"https:\/\/www.brolistimber.eu\/wp-content\/uploads\/2023\/06\/Asset-9-1-1.svg\"><img decoding=\"async\" class=\"alignnone wp-image-5520\" role=\"img\" src=\"https:\/\/www.brolistimber.eu\/wp-content\/uploads\/2023\/06\/Asset-9-1-1.svg\" alt=\"\" width=\"433\" height=\"181\" \/><\/a><\/p>\n<p>&nbsp;<\/p>\n<p>6. Jei tvirtinsite pasl\u0117pto tvirtinimo detal\u0117mis BROFIX, Profix, Profix2, naudokite ner\u016bdijan\u010dio plieno medsraig\u010dius, kuri\u0173 matmuo 4-4,2 x 35-45 mm, \u00f8 max 8 mm, jei Profix3 &#8211; 5 x 70-80 mm, \u00f8 max 12 mm.<\/p>\n<p>&nbsp;<\/p>\n<p><img decoding=\"async\" class=\"alignnone wp-image-5510\" role=\"img\" src=\"https:\/\/www.brolistimber.eu\/wp-content\/uploads\/2023\/06\/Asset-5.svg\" alt=\"\" width=\"267\" height=\"54\" \/><\/p>\n<p>&nbsp;<\/p>\n<p>7. Suleisdami lentas palikite 6-7 mm tarpel\u012f ventiliacijai (naudojant pasl\u0117pto tvirtinimo detales, tarpelis reguliuojamas automati\u0161kai). Jei termomedienos nedengsite jokiomis apsaugan\u010diomis med\u017eiagomis, jungdami lentas \u012f ilg\u012f, gal\u0173 sud\u016brimuose palikite bent 5 mm atitraukim\u0105 ventiliacijai. Jei dailylentes dengsite, j\u0173 galus galite suglausti aklinai, tik prie\u0161 tvirtindami b\u016btinai u\u017etepkite apsaugan\u010dia priemone. Ten, kur lentos jungiamos galais, sud\u016brimas turi b\u016bti tvirtinamas ant dviej\u0173 \u0161alia sukalt\u0173 ta\u0161\u0173.<\/p>\n<p>&nbsp;<\/p>\n<p><img decoding=\"async\" class=\"alignnone wp-image-5512\" role=\"img\" src=\"https:\/\/www.brolistimber.eu\/wp-content\/uploads\/2023\/06\/Asset-6.svg\" alt=\"\" width=\"280\" height=\"79\" \/><\/p>\n<p>&nbsp;<\/p>\n<p>8. Tarpus ventiliacijai palikite ir terasos \u0161onuose. Kra\u0161t\u0173 apkalimus pakelkite nuo \u017eem\u0117s (minimalus atstumas nuo \u017eem\u0117s pavir\u0161iaus \u2265100 mm). Neleiskite vejai ar augalams u\u017edengti \u0161io tarpo, kad oras gal\u0117t\u0173 laisvai cirkuliuoti.<\/p>\n<p>&nbsp;<\/p>\n<p><img decoding=\"async\" class=\"alignnone size-full wp-image-5514\" role=\"img\" src=\"https:\/\/www.brolistimber.eu\/wp-content\/uploads\/2023\/06\/Asset-7.svg\" alt=\"\" width=\"9999\" height=\"9999\" \/><\/p>\n<p>&nbsp;<\/p>\n<p>9. Teras\u0105 reguliariai nu\u0161luokite ir nuvalykite, kad neu\u017esilaikyt\u0173 purvas ir neaugt\u0173 pavir\u0161inis pel\u0117sis. Termo medienos teras\u0105 rekomenduojame alyvuoti. Alyva turi antiseptini\u0173 savybi\u0173, tod\u0117l trukdo daugintis pavir\u0161iniam pel\u0117siui, apsaugo nuo mikro\u012ftr\u016bkim\u0173, nupilkavimo. Jei teras\u0105 dengsite, pavir\u0161i\u0173 atnaujinkite kiekvien\u0105 pavasar\u012f \u2013 geriausia ta pa\u010dia alyva arba gamintojo rekomenduojamomis terasos atnaujinimo priemon\u0117mis.<\/p>\n<p><img decoding=\"async\" class=\"alignnone wp-image-3621\" role=\"img\" src=\"https:\/\/www.brolistimber.eu\/wp-content\/uploads\/2022\/09\/Asset-8.svg\" alt=\"\" width=\"292\" height=\"148\" \/><\/p>\n<p>&nbsp;<\/p>\n<p>&nbsp;<\/p>\n<p>&nbsp;<\/p>\n","protected":false},"excerpt":{"rendered":"<p>Atsi\u017evelgdami \u012f \u0161ias rekomendacijas prailginsite termi\u0161kai apdorotos terasos tarnavimo laik\u0105 ir suma\u017einsite prie\u017ei\u016bros ka\u0161tus. 1. Termomedienos teras\u0105 montuokite ant termomedienos karkaso \u2013 taip u\u017etikrinsite terasos ilgaam\u017ei\u0161kum\u0105 ir vienod\u0105 \u201evaik\u0161\u010diojim\u0105\u201c kintant aplinkos dr\u0117gmei ir temperat\u016brai. D\u017eiovintos arba impregnuotos medienos karkasai reaguoja \u012f santykin\u0117s oro dr\u0117gm\u0117s poky\u010dius dukart stipriau nei termomediena \u2013 tai s\u0105lygoja medienos tempimus ir [&hellip;]<\/p>\n","protected":false},"author":2,"featured_media":0,"parent":0,"menu_order":69,"comment_status":"closed","ping_status":"closed","template":"","meta":{"_acf_changed":false,"footnotes":""},"class_list":["post-3222","page","type-page","status-publish","hentry"],"acf":[],"_links":{"self":[{"href":"https:\/\/www.brolistimber.eu\/en\/wp-json\/wp\/v2\/pages\/3222","targetHints":{"allow":["GET"]}}],"collection":[{"href":"https:\/\/www.brolistimber.eu\/en\/wp-json\/wp\/v2\/pages"}],"about":[{"href":"https:\/\/www.brolistimber.eu\/en\/wp-json\/wp\/v2\/types\/page"}],"author":[{"embeddable":true,"href":"https:\/\/www.brolistimber.eu\/en\/wp-json\/wp\/v2\/users\/2"}],"replies":[{"embeddable":true,"href":"https:\/\/www.brolistimber.eu\/en\/wp-json\/wp\/v2\/comments?post=3222"}],"version-history":[{"count":31,"href":"https:\/\/www.brolistimber.eu\/en\/wp-json\/wp\/v2\/pages\/3222\/revisions"}],"predecessor-version":[{"id":8936,"href":"https:\/\/www.brolistimber.eu\/en\/wp-json\/wp\/v2\/pages\/3222\/revisions\/8936"}],"wp:attachment":[{"href":"https:\/\/www.brolistimber.eu\/en\/wp-json\/wp\/v2\/media?parent=3222"}],"curies":[{"name":"wp","href":"https:\/\/api.w.org\/{rel}","templated":true}]}}