{"id":6515,"date":"2024-03-25T14:59:47","date_gmt":"2024-03-25T14:59:47","guid":{"rendered":"https:\/\/www.brolistimber.eu\/atstovai\/"},"modified":"2024-11-26T15:51:16","modified_gmt":"2024-11-26T15:51:16","slug":"representatives","status":"publish","type":"page","link":"https:\/\/www.brolistimber.eu\/en\/representatives\/","title":{"rendered":"Find distributor"},"content":{"rendered":"<h2 style=\"text-align: center;\"><img decoding=\"async\" class=\"wp-image-6511 alignleft\" src=\"https:\/\/www.brolistimber.eu\/wp-content\/uploads\/2024\/03\/Lietuvoje-veikia-5-Medzio-bites-terminalai_w.jpg\" alt=\"\" width=\"615\" height=\"492\" srcset=\"https:\/\/www.brolistimber.eu\/wp-content\/uploads\/2024\/03\/Lietuvoje-veikia-5-Medzio-bites-terminalai_w.jpg 1169w, https:\/\/www.brolistimber.eu\/wp-content\/uploads\/2024\/03\/Lietuvoje-veikia-5-Medzio-bites-terminalai_w-300x240.jpg 300w, https:\/\/www.brolistimber.eu\/wp-content\/uploads\/2024\/03\/Lietuvoje-veikia-5-Medzio-bites-terminalai_w-1024x819.jpg 1024w, https:\/\/www.brolistimber.eu\/wp-content\/uploads\/2024\/03\/Lietuvoje-veikia-5-Medzio-bites-terminalai_w-768x614.jpg 768w\" sizes=\"(max-width: 615px) 100vw, 615px\" \/>UAB Med\u017eio Bit\u0117s<\/h2>\n<p style=\"padding-left: 200px; text-align: center;\">VILNIUS<\/p>\n<p style=\"padding-left: 200px; text-align: center;\">Sodyb\u0173 str. 1, LT- 02121 Vilnius<br \/>\n<a href=\"mailto:vilnius@medziobites.lt\">vilnius@medziobites.lt<\/a><\/p>\n<p style=\"padding-left: 200px; text-align: center;\">Suderv\u0117s str. 2, Avi\u017eieniai,\u00a0 LT-14192 Vilnius dist.<br \/>\n<a href=\"mailto:avizieniai@medziobites.lt\">avizieniai@medziobites.lt<\/a><\/p>\n<p style=\"padding-left: 200px; text-align: center;\">KAUNAS<\/p>\n<p style=\"padding-left: 200px; text-align: center;\">Pirkli\u0173 str. 2, Domeikava, LT-54340 Kaunas dist.<br \/>\n<a href=\"mailto:kaunas@medziobites.lt\">kaunas@medziobites.lt<\/a><\/p>\n<p style=\"padding-left: 200px; text-align: center;\">\u0160IAULIAI<\/p>\n<p style=\"padding-left: 200px; text-align: center;\">Kanapi\u0173 str. 2, LT-78138 \u0160iauliai<br \/>\n<a href=\"mailto:siauliai@medziobites.lt\">siauliai@medziobites.lt<\/a><\/p>\n<p style=\"padding-left: 200px; text-align: center;\">KLAIP\u0116DA<\/p>\n<p style=\"padding-left: 200px; text-align: center;\">Minijos str. 179, LT- 94287 Klaip\u0117da<br \/>\n<a href=\"mailto:klaipeda@medziobites.lt\">klaipeda@medziobites.lt<\/a><\/p>\n<p style=\"padding-left: 200px; text-align: center;\">www.medziobites.lt<\/p>\n","protected":false},"excerpt":{"rendered":"<p>UAB Med\u017eio Bit\u0117s VILNIUS Sodyb\u0173 str. 1, LT- 02121 Vilnius vilnius@medziobites.lt Suderv\u0117s str. 2, Avi\u017eieniai,\u00a0 LT-14192 Vilnius dist. avizieniai@medziobites.lt KAUNAS Pirkli\u0173 str. 2, Domeikava, LT-54340 Kaunas dist. kaunas@medziobites.lt \u0160IAULIAI Kanapi\u0173 str. 2, LT-78138 \u0160iauliai siauliai@medziobites.lt KLAIP\u0116DA Minijos str. 179, LT- 94287 Klaip\u0117da klaipeda@medziobites.lt www.medziobites.lt<\/p>\n","protected":false},"author":2,"featured_media":0,"parent":0,"menu_order":8,"comment_status":"closed","ping_status":"closed","template":"tp-seller.php","meta":{"_acf_changed":false,"footnotes":""},"class_list":["post-6515","page","type-page","status-publish","hentry"],"acf":[],"_links":{"self":[{"href":"https:\/\/www.brolistimber.eu\/en\/wp-json\/wp\/v2\/pages\/6515","targetHints":{"allow":["GET"]}}],"collection":[{"href":"https:\/\/www.brolistimber.eu\/en\/wp-json\/wp\/v2\/pages"}],"about":[{"href":"https:\/\/www.brolistimber.eu\/en\/wp-json\/wp\/v2\/types\/page"}],"author":[{"embeddable":true,"href":"https:\/\/www.brolistimber.eu\/en\/wp-json\/wp\/v2\/users\/2"}],"replies":[{"embeddable":true,"href":"https:\/\/www.brolistimber.eu\/en\/wp-json\/wp\/v2\/comments?post=6515"}],"version-history":[{"count":3,"href":"https:\/\/www.brolistimber.eu\/en\/wp-json\/wp\/v2\/pages\/6515\/revisions"}],"predecessor-version":[{"id":7533,"href":"https:\/\/www.brolistimber.eu\/en\/wp-json\/wp\/v2\/pages\/6515\/revisions\/7533"}],"wp:attachment":[{"href":"https:\/\/www.brolistimber.eu\/en\/wp-json\/wp\/v2\/media?parent=6515"}],"curies":[{"name":"wp","href":"https:\/\/api.w.org\/{rel}","templated":true}]}}